{"id":4094,"date":"2025-12-13T15:01:53","date_gmt":"2025-12-13T15:01:53","guid":{"rendered":"https:\/\/soosterfoundation.org\/?post_type=product&#038;p=4094"},"modified":"2026-02-04T18:57:53","modified_gmt":"2026-02-04T18:57:53","slug":"shopper-kadakad","status":"publish","type":"product","link":"https:\/\/soosterfoundation.org\/et\/e-pood\/shopper-kadakad\/","title":{"rendered":"Puuvillane ostukott \u00dclo Soosteri maaliga \"Kadakas\""},"content":{"rendered":"<p>Puuvillane ostukott \u00dclo Soosteri maaliga \"Kadakas\"<\/p>\n<p><strong>V\u00f5imalik on tellida ka 10 v\u00f5i enama t\u00fcki kaupa.<\/strong><\/p>","protected":false},"excerpt":{"rendered":"<p>Puuvillane ostukott \u00dclo Soosteri maaliga \"Kadakas\"<\/p>","protected":false},"featured_media":1816,"template":"","meta":{"_coblocks_attr":"","_coblocks_dimensions":"","_coblocks_responsive_height":"","_coblocks_accordion_ie_support":"","_uag_custom_page_level_css":""},"product_brand":[],"product_cat":[88],"product_tag":[],"class_list":{"0":"post-4094","1":"product","2":"type-product","3":"status-publish","4":"has-post-thumbnail","6":"product_cat-ostukottid","8":"first","9":"outofstock","10":"shipping-taxable","11":"product-type-variable"},"uagb_featured_image_src":{"full":["https:\/\/soosterfoundation.s3.eu-west-1.amazonaws.com\/wp-content\/uploads\/2024\/09\/26102234\/Shopper-01-bl.png",393,630,false],"thumbnail":["https:\/\/soosterfoundation.s3.eu-west-1.amazonaws.com\/wp-content\/uploads\/2024\/09\/26102234\/Shopper-01-bl-150x150.png",150,150,true],"medium":["https:\/\/soosterfoundation.s3.eu-west-1.amazonaws.com\/wp-content\/uploads\/2024\/09\/26102234\/Shopper-01-bl-187x300.png",187,300,true],"medium_large":["https:\/\/soosterfoundation.s3.eu-west-1.amazonaws.com\/wp-content\/uploads\/2024\/09\/26102234\/Shopper-01-bl.png",393,630,false],"large":["https:\/\/soosterfoundation.s3.eu-west-1.amazonaws.com\/wp-content\/uploads\/2024\/09\/26102234\/Shopper-01-bl.png",393,630,false],"1536x1536":["https:\/\/soosterfoundation.s3.eu-west-1.amazonaws.com\/wp-content\/uploads\/2024\/09\/26102234\/Shopper-01-bl.png",393,630,false],"2048x2048":["https:\/\/soosterfoundation.s3.eu-west-1.amazonaws.com\/wp-content\/uploads\/2024\/09\/26102234\/Shopper-01-bl.png",393,630,false],"trp-custom-language-flag":["https:\/\/soosterfoundation.s3.eu-west-1.amazonaws.com\/wp-content\/uploads\/2024\/09\/26102234\/Shopper-01-bl-7x12.png",7,12,true],"shop-page-wp-product":["https:\/\/soosterfoundation.s3.eu-west-1.amazonaws.com\/wp-content\/uploads\/2024\/09\/26102234\/Shopper-01-bl-187x300.png",187,300,true],"woocommerce_thumbnail":["https:\/\/soosterfoundation.s3.eu-west-1.amazonaws.com\/wp-content\/uploads\/2024\/09\/26102234\/Shopper-01-bl-300x300.png",300,300,true],"woocommerce_single":["https:\/\/soosterfoundation.s3.eu-west-1.amazonaws.com\/wp-content\/uploads\/2024\/09\/26102234\/Shopper-01-bl.png",393,630,false],"woocommerce_gallery_thumbnail":["https:\/\/soosterfoundation.s3.eu-west-1.amazonaws.com\/wp-content\/uploads\/2024\/09\/26102234\/Shopper-01-bl-100x100.png",100,100,true]},"uagb_author_info":{"display_name":"Sergei","author_link":"https:\/\/soosterfoundation.org\/et\/author\/"},"uagb_comment_info":0,"uagb_excerpt":"\u0421\u0443\u043c\u043a\u0430-\u0448\u043e\u043f\u043f\u0435\u0440 \u0445\u043b\u043e\u043f\u043a\u043e\u0432\u0430\u044f, \u0441 \u0440\u0438\u0441\u0443\u043d\u043a\u043e\u043c \u042e\u043b\u043e \u0421\u043e\u043e\u0441\u0442\u0435\u0440\u0430 \"\u041c\u043e\u0436\u0436\u0435\u0432\u0435\u043b\u044c\u043d\u0438\u043a\u0438\"","_links":{"self":[{"href":"https:\/\/soosterfoundation.org\/et\/wp-json\/wp\/v2\/product\/4094","targetHints":{"allow":["GET"]}}],"collection":[{"href":"https:\/\/soosterfoundation.org\/et\/wp-json\/wp\/v2\/product"}],"about":[{"href":"https:\/\/soosterfoundation.org\/et\/wp-json\/wp\/v2\/types\/product"}],"wp:featuredmedia":[{"embeddable":true,"href":"https:\/\/soosterfoundation.org\/et\/wp-json\/wp\/v2\/media\/1816"}],"wp:attachment":[{"href":"https:\/\/soosterfoundation.org\/et\/wp-json\/wp\/v2\/media?parent=4094"}],"wp:term":[{"taxonomy":"product_brand","embeddable":true,"href":"https:\/\/soosterfoundation.org\/et\/wp-json\/wp\/v2\/product_brand?post=4094"},{"taxonomy":"product_cat","embeddable":true,"href":"https:\/\/soosterfoundation.org\/et\/wp-json\/wp\/v2\/product_cat?post=4094"},{"taxonomy":"product_tag","embeddable":true,"href":"https:\/\/soosterfoundation.org\/et\/wp-json\/wp\/v2\/product_tag?post=4094"}],"curies":[{"name":"wp","href":"https:\/\/api.w.org\/{rel}","templated":true}]}}