{"id":4375,"date":"2026-04-17T14:35:24","date_gmt":"2026-04-17T14:35:24","guid":{"rendered":"https:\/\/soosterfoundation.org\/?page_id=4375"},"modified":"2026-04-17T19:42:00","modified_gmt":"2026-04-17T19:42:00","slug":"monument","status":"publish","type":"page","link":"https:\/\/soosterfoundation.org\/et\/monument\/","title":{"rendered":"\u041f\u0430\u043c\u044f\u0442\u043d\u0438\u043a"},"content":{"rendered":"<div class=\"wp-block-query is-layout-flow wp-block-query-is-layout-flow\"><ul class=\"wp-block-post-template is-layout-flow wp-block-post-template-is-layout-flow\"><li class=\"wp-block-post post-4416 post type-post status-publish format-standard has-post-thumbnail hentry category-memorial\">\n\n<div class=\"wp-block-columns are-vertically-aligned-center is-layout-flex wp-container-core-columns-is-layout-28f84493 wp-block-columns-is-layout-flex\">\n<div class=\"wp-block-column is-vertically-aligned-center is-layout-flow wp-block-column-is-layout-flow\" style=\"flex-basis:75%\"><h2 class=\"wp-block-post-title\"><a href=\"https:\/\/soosterfoundation.org\/et\/ulo-soosteri-malestusmargi-konkursi-voidutoo-annab-kunstniku-margilisele-teosele-pusiva-kuju\/\" target=\"_self\" >\u00dclo Soosteri m\u00e4lestusm\u00e4rgi konkursi v\u00f5idut\u00f6\u00f6 annab kunstniku m\u00e4rgilisele teosele p\u00fcsiva kuju<\/a><\/h2><\/div>\n\n\n\n<div class=\"wp-block-column is-vertically-aligned-center is-layout-flow wp-block-column-is-layout-flow\" style=\"flex-basis:25%\"><figure class=\"wp-block-post-featured-image\"><a href=\"https:\/\/soosterfoundation.org\/et\/ulo-soosteri-malestusmargi-konkursi-voidutoo-annab-kunstniku-margilisele-teosele-pusiva-kuju\/\" target=\"_self\"  ><img loading=\"lazy\" decoding=\"async\" width=\"2486\" height=\"1926\" src=\"https:\/\/soosterfoundation.s3.eu-west-1.amazonaws.com\/wp-content\/uploads\/2026\/04\/18184033\/Screenshot-2026-04-18-at-20.38.55.jpg\" class=\"attachment-post-thumbnail size-post-thumbnail wp-post-image\" alt=\"\u00dclo Soosteri m\u00e4lestusm\u00e4rgi konkursi v\u00f5idut\u00f6\u00f6 annab kunstniku m\u00e4rgilisele teosele p\u00fcsiva kuju\" style=\"object-fit:cover;\" srcset=\"https:\/\/soosterfoundation.s3.eu-west-1.amazonaws.com\/wp-content\/uploads\/2026\/04\/18184033\/Screenshot-2026-04-18-at-20.38.55.jpg 2486w, https:\/\/soosterfoundation.s3.eu-west-1.amazonaws.com\/wp-content\/uploads\/2026\/04\/18184033\/Screenshot-2026-04-18-at-20.38.55.jpg 300w, https:\/\/soosterfoundation.s3.eu-west-1.amazonaws.com\/wp-content\/uploads\/2026\/04\/18184033\/Screenshot-2026-04-18-at-20.38.55.jpg 1024w, https:\/\/soosterfoundation.s3.eu-west-1.amazonaws.com\/wp-content\/uploads\/2026\/04\/18184033\/Screenshot-2026-04-18-at-20.38.55.jpg 768w, https:\/\/soosterfoundation.s3.eu-west-1.amazonaws.com\/wp-content\/uploads\/2026\/04\/18184033\/Screenshot-2026-04-18-at-20.38.55.jpg 1536w, https:\/\/soosterfoundation.s3.eu-west-1.amazonaws.com\/wp-content\/uploads\/2026\/04\/18184033\/Screenshot-2026-04-18-at-20.38.55.jpg 2048w, https:\/\/soosterfoundation.s3.eu-west-1.amazonaws.com\/wp-content\/uploads\/2026\/04\/18184033\/Screenshot-2026-04-18-at-20.38.55.jpg 15w, https:\/\/soosterfoundation.s3.eu-west-1.amazonaws.com\/wp-content\/uploads\/2026\/04\/18184033\/Screenshot-2026-04-18-at-20.38.55.jpg 600w\" sizes=\"auto, (max-width: 2486px) 100vw, 2486px\" \/><\/a><\/figure><\/div>\n<\/div>\n\n<\/li><li class=\"wp-block-post post-4405 post type-post status-publish format-standard has-post-thumbnail hentry category-memorial\">\n\n<div class=\"wp-block-columns are-vertically-aligned-center is-layout-flex wp-container-core-columns-is-layout-28f84493 wp-block-columns-is-layout-flex\">\n<div class=\"wp-block-column is-vertically-aligned-center is-layout-flow wp-block-column-is-layout-flow\" style=\"flex-basis:75%\"><h2 class=\"wp-block-post-title\"><a href=\"https:\/\/soosterfoundation.org\/et\/ulo-soosteri-malestusmargi-ideekonkursi-voitis-aleksander-litvinov\/\" target=\"_self\" >\u00dclo Soosteri m\u00e4lestusm\u00e4rgi ideekonkursi v\u00f5itis Aleksander Litvinov<\/a><\/h2><\/div>\n\n\n\n<div class=\"wp-block-column is-vertically-aligned-center is-layout-flow wp-block-column-is-layout-flow\" style=\"flex-basis:25%\"><figure class=\"wp-block-post-featured-image\"><a href=\"https:\/\/soosterfoundation.org\/et\/ulo-soosteri-malestusmargi-ideekonkursi-voitis-aleksander-litvinov\/\" target=\"_self\"  ><img loading=\"lazy\" decoding=\"async\" width=\"2360\" height=\"1438\" src=\"https:\/\/soosterfoundation.s3.eu-west-1.amazonaws.com\/wp-content\/uploads\/2026\/04\/18081603\/Screenshot-2026-04-18-at-10.15.40.png\" class=\"attachment-post-thumbnail size-post-thumbnail wp-post-image\" alt=\"\u00dclo Soosteri m\u00e4lestusm\u00e4rgi ideekonkursi v\u00f5itis Aleksander Litvinov\" style=\"object-fit:cover;\" srcset=\"https:\/\/soosterfoundation.s3.eu-west-1.amazonaws.com\/wp-content\/uploads\/2026\/04\/18081603\/Screenshot-2026-04-18-at-10.15.40.png 2360w, https:\/\/soosterfoundation.s3.eu-west-1.amazonaws.com\/wp-content\/uploads\/2026\/04\/18081603\/Screenshot-2026-04-18-at-10.15.40-300x183.png 300w, https:\/\/soosterfoundation.s3.eu-west-1.amazonaws.com\/wp-content\/uploads\/2026\/04\/18081603\/Screenshot-2026-04-18-at-10.15.40-1024x624.png 1024w, https:\/\/soosterfoundation.s3.eu-west-1.amazonaws.com\/wp-content\/uploads\/2026\/04\/18081603\/Screenshot-2026-04-18-at-10.15.40-768x468.png 768w, https:\/\/soosterfoundation.s3.eu-west-1.amazonaws.com\/wp-content\/uploads\/2026\/04\/18081603\/Screenshot-2026-04-18-at-10.15.40-1536x936.png 1536w, https:\/\/soosterfoundation.s3.eu-west-1.amazonaws.com\/wp-content\/uploads\/2026\/04\/18081603\/Screenshot-2026-04-18-at-10.15.40-2048x1248.png 2048w, https:\/\/soosterfoundation.s3.eu-west-1.amazonaws.com\/wp-content\/uploads\/2026\/04\/18081603\/Screenshot-2026-04-18-at-10.15.40-18x12.png 18w, https:\/\/soosterfoundation.s3.eu-west-1.amazonaws.com\/wp-content\/uploads\/2026\/04\/18081603\/Screenshot-2026-04-18-at-10.15.40-600x366.png 600w\" sizes=\"auto, (max-width: 2360px) 100vw, 2360px\" \/><\/a><\/figure><\/div>\n<\/div>\n\n<\/li><li class=\"wp-block-post post-4402 post type-post status-publish format-standard has-post-thumbnail hentry category-memorial\">\n\n<div class=\"wp-block-columns are-vertically-aligned-center is-layout-flex wp-container-core-columns-is-layout-28f84493 wp-block-columns-is-layout-flex\">\n<div class=\"wp-block-column is-vertically-aligned-center is-layout-flow wp-block-column-is-layout-flow\" style=\"flex-basis:75%\"><h2 class=\"wp-block-post-title\"><a href=\"https:\/\/soosterfoundation.org\/et\/selgus-voitja-ulo-soosteri-malestusmargi-ideekonkursi-tulemused-on-selgunud\/\" target=\"_self\" >SELGUS V\u00d5ITJA | \u00dclo Soosteri m\u00e4lestusm\u00e4rgi ideekonkursi tulemused on selgunud<\/a><\/h2><\/div>\n\n\n\n<div class=\"wp-block-column is-vertically-aligned-center is-layout-flow wp-block-column-is-layout-flow\" style=\"flex-basis:25%\"><figure class=\"wp-block-post-featured-image\"><a href=\"https:\/\/soosterfoundation.org\/et\/selgus-voitja-ulo-soosteri-malestusmargi-ideekonkursi-tulemused-on-selgunud\/\" target=\"_self\"  ><img loading=\"lazy\" decoding=\"async\" width=\"2164\" height=\"1050\" src=\"https:\/\/soosterfoundation.s3.eu-west-1.amazonaws.com\/wp-content\/uploads\/2026\/04\/18081354\/Screenshot-2026-04-18-at-10.13.40.png\" class=\"attachment-post-thumbnail size-post-thumbnail wp-post-image\" alt=\"SELGUS V\u00d5ITJA | \u00dclo Soosteri m\u00e4lestusm\u00e4rgi ideekonkursi tulemused on selgunud\" style=\"object-fit:cover;\" srcset=\"https:\/\/soosterfoundation.s3.eu-west-1.amazonaws.com\/wp-content\/uploads\/2026\/04\/18081354\/Screenshot-2026-04-18-at-10.13.40.png 2164w, https:\/\/soosterfoundation.s3.eu-west-1.amazonaws.com\/wp-content\/uploads\/2026\/04\/18081354\/Screenshot-2026-04-18-at-10.13.40-300x146.png 300w, https:\/\/soosterfoundation.s3.eu-west-1.amazonaws.com\/wp-content\/uploads\/2026\/04\/18081354\/Screenshot-2026-04-18-at-10.13.40-1024x497.png 1024w, https:\/\/soosterfoundation.s3.eu-west-1.amazonaws.com\/wp-content\/uploads\/2026\/04\/18081354\/Screenshot-2026-04-18-at-10.13.40-768x373.png 768w, https:\/\/soosterfoundation.s3.eu-west-1.amazonaws.com\/wp-content\/uploads\/2026\/04\/18081354\/Screenshot-2026-04-18-at-10.13.40-1536x745.png 1536w, https:\/\/soosterfoundation.s3.eu-west-1.amazonaws.com\/wp-content\/uploads\/2026\/04\/18081354\/Screenshot-2026-04-18-at-10.13.40-2048x994.png 2048w, https:\/\/soosterfoundation.s3.eu-west-1.amazonaws.com\/wp-content\/uploads\/2026\/04\/18081354\/Screenshot-2026-04-18-at-10.13.40-18x9.png 18w, https:\/\/soosterfoundation.s3.eu-west-1.amazonaws.com\/wp-content\/uploads\/2026\/04\/18081354\/Screenshot-2026-04-18-at-10.13.40-600x291.png 600w\" sizes=\"auto, (max-width: 2164px) 100vw, 2164px\" \/><\/a><\/figure><\/div>\n<\/div>\n\n<\/li><li class=\"wp-block-post post-4355 post type-post status-publish format-standard has-post-thumbnail hentry category-blog category-memorial\">\n\n<div class=\"wp-block-columns are-vertically-aligned-center is-layout-flex wp-container-core-columns-is-layout-28f84493 wp-block-columns-is-layout-flex\">\n<div class=\"wp-block-column is-vertically-aligned-center is-layout-flow wp-block-column-is-layout-flow\" style=\"flex-basis:75%\"><h2 class=\"wp-block-post-title\"><a href=\"https:\/\/soosterfoundation.org\/et\/the-results-of-the-ulo-sooster-memorial\/\" target=\"_self\" >\u00dclo Soosteri m\u00e4lestusm\u00e4rgi ideekonkursi tulemused on selgunud<\/a><\/h2><\/div>\n\n\n\n<div class=\"wp-block-column is-vertically-aligned-center is-layout-flow wp-block-column-is-layout-flow\" style=\"flex-basis:25%\"><figure class=\"wp-block-post-featured-image\"><a href=\"https:\/\/soosterfoundation.org\/et\/the-results-of-the-ulo-sooster-memorial\/\" target=\"_self\"  ><img loading=\"lazy\" decoding=\"async\" width=\"1290\" height=\"720\" src=\"https:\/\/soosterfoundation.s3.eu-west-1.amazonaws.com\/wp-content\/uploads\/2026\/04\/17110152\/674278235_122265992474084492_7938648531178019749_n.jpg\" class=\"attachment-post-thumbnail size-post-thumbnail wp-post-image\" alt=\"\u00dclo Soosteri m\u00e4lestusm\u00e4rgi ideekonkursi tulemused on selgunud\" style=\"object-fit:cover;\" srcset=\"https:\/\/soosterfoundation.s3.eu-west-1.amazonaws.com\/wp-content\/uploads\/2026\/04\/17110152\/674278235_122265992474084492_7938648531178019749_n.jpg 1290w, https:\/\/soosterfoundation.s3.eu-west-1.amazonaws.com\/wp-content\/uploads\/2026\/04\/17110152\/674278235_122265992474084492_7938648531178019749_n.jpg 300w, https:\/\/soosterfoundation.s3.eu-west-1.amazonaws.com\/wp-content\/uploads\/2026\/04\/17110152\/674278235_122265992474084492_7938648531178019749_n.jpg 1024w, https:\/\/soosterfoundation.s3.eu-west-1.amazonaws.com\/wp-content\/uploads\/2026\/04\/17110152\/674278235_122265992474084492_7938648531178019749_n.jpg 768w, https:\/\/soosterfoundation.s3.eu-west-1.amazonaws.com\/wp-content\/uploads\/2026\/04\/17110152\/674278235_122265992474084492_7938648531178019749_n.jpg 18w, https:\/\/soosterfoundation.s3.eu-west-1.amazonaws.com\/wp-content\/uploads\/2026\/04\/17110152\/674278235_122265992474084492_7938648531178019749_n.jpg 600w\" sizes=\"auto, (max-width: 1290px) 100vw, 1290px\" \/><\/a><\/figure><\/div>\n<\/div>\n\n<\/li><\/ul><\/div>","protected":false},"excerpt":{"rendered":"","protected":false},"author":2,"featured_media":0,"parent":0,"menu_order":0,"comment_status":"closed","ping_status":"closed","template":"","meta":{"_coblocks_attr":"","_coblocks_dimensions":"","_coblocks_responsive_height":"","_coblocks_accordion_ie_support":"","_uag_custom_page_level_css":"","footnotes":""},"class_list":["post-4375","page","type-page","status-publish","hentry"],"uagb_featured_image_src":{"full":false,"thumbnail":false,"medium":false,"medium_large":false,"large":false,"1536x1536":false,"2048x2048":false,"trp-custom-language-flag":false,"shop-page-wp-product":false,"woocommerce_thumbnail":false,"woocommerce_single":false,"woocommerce_gallery_thumbnail":false},"uagb_author_info":{"display_name":"Sergei","author_link":"https:\/\/soosterfoundation.org\/et\/author\/sergei\/"},"uagb_comment_info":0,"uagb_excerpt":null,"_links":{"self":[{"href":"https:\/\/soosterfoundation.org\/et\/wp-json\/wp\/v2\/pages\/4375","targetHints":{"allow":["GET"]}}],"collection":[{"href":"https:\/\/soosterfoundation.org\/et\/wp-json\/wp\/v2\/pages"}],"about":[{"href":"https:\/\/soosterfoundation.org\/et\/wp-json\/wp\/v2\/types\/page"}],"author":[{"embeddable":true,"href":"https:\/\/soosterfoundation.org\/et\/wp-json\/wp\/v2\/users\/2"}],"replies":[{"embeddable":true,"href":"https:\/\/soosterfoundation.org\/et\/wp-json\/wp\/v2\/comments?post=4375"}],"version-history":[{"count":3,"href":"https:\/\/soosterfoundation.org\/et\/wp-json\/wp\/v2\/pages\/4375\/revisions"}],"predecessor-version":[{"id":4400,"href":"https:\/\/soosterfoundation.org\/et\/wp-json\/wp\/v2\/pages\/4375\/revisions\/4400"}],"wp:attachment":[{"href":"https:\/\/soosterfoundation.org\/et\/wp-json\/wp\/v2\/media?parent=4375"}],"curies":[{"name":"wp","href":"https:\/\/api.w.org\/{rel}","templated":true}]}}