{"id":3350,"date":"2024-11-28T12:32:21","date_gmt":"2024-11-28T12:32:21","guid":{"rendered":"https:\/\/soosterfoundation.org\/?page_id=3350"},"modified":"2024-11-28T12:33:18","modified_gmt":"2024-11-28T12:33:18","slug":"exchange","status":"publish","type":"page","link":"https:\/\/soosterfoundation.org\/et\/exchange\/","title":{"rendered":"\u041e\u0431\u043c\u0435\u043d \u0438 \u0432\u043e\u0437\u0432\u0440\u0430\u0442 \u0442\u043e\u0432\u0430\u0440\u0430"},"content":{"rendered":"<p><strong>SA Sooster Foundationi e-poe kauba vahetuse ja tagastamise tingimused<\/strong><\/p>\n\n\n\n<p class=\" translation-block\">Sooster Foundationi e-poes hindame oma kliente ning p\u00fc\u00fcdleme mugava ja sujuva ostukogemuse pakkumise poole. Kui soovite mingil p\u00f5hjusel kauba tagastada v\u00f5i vahetada, j\u00e4rgime internetikaubanduse tavasid ja standardeid, et see protsess oleks lihtne ja arusaadav.<\/p>\n\n\n\n<p><strong>\u00d5igus kauba tagastamisele<\/strong><\/p>\n\n\n\n<p>Meie e-poest ostes on teil \u00f5igus ostust taganeda 14 p\u00e4eva jooksul alates kauba k\u00e4ttesaamisest. See kehtib k\u00f5igi kaupade kohta, v\u00e4lja arvatud:<\/p>\n\n\n\n<p>\u2022 Tooted, mis on valmistatud eritellimusel v\u00f5i kohandatud vastavalt kliendi vajadustele.<\/p>\n\n\n\n<p>\u2022 Tooted, mida h\u00fcgieeni- v\u00f5i tervislikel p\u00f5hjustel ei ole v\u00f5imalik tagastada (nt kosmeetika v\u00f5i aluspesu, kui pakend on avatud).<\/p>\n\n\n\n<p>\u2022 Tooted, mille s\u00e4ilivusaeg on peagi l\u00f5ppemas.<\/p>\n\n\n\n<p><strong>Tagastamise tingimused<\/strong><\/p>\n\n\n\n<p>Tagastatav kaup peab vastama j\u00e4rgmistele tingimustele:<\/p>\n\n\n\n<p>\u2022 Olla originaalpakendis.<\/p>\n\n\n\n<p>\u2022 Mitte n\u00e4itama kasutamise j\u00e4lgi.<\/p>\n\n\n\n<p>\u2022 Kaasas peab olema ostut\u0161ekk v\u00f5i ostu t\u00f5endav dokument.<\/p>\n\n\n\n<p>Kui toode on kahjustatud v\u00f5i selle pakend on rikutud, j\u00e4tame endale \u00f5iguse tagastust mitte aktsepteerida v\u00f5i pakkuda osalist h\u00fcvitist.<\/p>\n\n\n\n<p><strong>Kuidas kauba tagastust vormistada<\/strong><\/p>\n\n\n\n<p class=\" translation-block\">1. V\u00f5tke meiega \u00fchendust: Saatke meile p\u00e4ring veebilehe kontaktivormi kaudu v\u00f5i e-posti teel, m\u00e4rkides \u00e4ra tellimuse numbri ja tagastuse p\u00f5hjuse.<\/p>\n\n\n\n<p class=\" translation-block\">2. Pakitke kaup: Veenduge, et kaup on turvaliselt pakitud, et v\u00e4ltida kahjustusi transportimise ajal.<\/p>\n\n\n\n<p class=\" translation-block\">3. Saadke kaup tagasi: Tagastage kaup aadressile, mis on m\u00e4rgitud meie klienditoe juhistes.<\/p>\n\n\n\n<p><strong>Raha tagastamine<\/strong><\/p>\n\n\n\n<p>P\u00e4rast kauba k\u00e4ttesaamist ja selle seisukorra kontrollimist tagastame raha 14 t\u00f6\u00f6p\u00e4eva jooksul. Tagastamine toimub sama makseviisi kaudu, mida kasutati ostu sooritamiseks.<\/p>\n\n\n\n<p><strong>Kauba vahetamine<\/strong><\/p>\n\n\n\n<p>Kui soovite kaupa vahetada, n\u00e4iteks teise suuruse v\u00f5i v\u00e4rvi vastu, j\u00e4rgige sama protseduuri nagu tagastuse korral, m\u00e4rkides p\u00e4ringusse, et soovite vahetust.<\/p>\n\n\n\n<p><strong>Kes tasub tagastamise transpordikulud?<\/strong><\/p>\n\n\n\n<p>\u2022 Kui tagastus toimub toote defekti v\u00f5i meiepoolse vea t\u00f5ttu, katame tagastamise transpordikulud meie.<\/p>\n\n\n\n<p>\u2022 Kui tagastate kauba isiklikel p\u00f5hjustel (nt v\u00e4rv v\u00f5i suurus ei sobinud), tasub transpordikulud klient.<\/p>\n\n\n\n<p><strong>Kontaktinfo<\/strong><\/p>\n\n\n\n<p>Kui teil on k\u00fcsimusi kauba tagastamise v\u00f5i vahetamise kohta, on meie klienditugi alati valmis aitama. V\u00f5tke meiega \u00fchendust veebilehe kontaktivormi kaudu v\u00f5i telefoni teel.<\/p>\n\n\n\n<p class=\" translation-block\">Sooster Foundation p\u00fc\u00fcab teha teie ostukogemuse v\u00f5imalikult mugavaks ja turvaliseks ning oleme alati valmis abistama igasuguste k\u00fcsimuste lahendamisel!<\/p>","protected":false},"excerpt":{"rendered":"<p>\u041e\u0431\u043c\u0435\u043d \u0438 \u0432\u043e\u0437\u0432\u0440\u0430\u0442 \u0442\u043e\u0432\u0430\u0440\u0430 \u0432 \u0438\u043d\u0442\u0435\u0440\u043d\u0435\u0442-\u043c\u0430\u0433\u0430\u0437\u0438\u043d\u0435 Sooster Foundation \u0412 \u0438\u043d\u0442\u0435\u0440\u043d\u0435\u0442-\u043c\u0430\u0433\u0430\u0437\u0438\u043d\u0435 Sooster Foundation \u043c\u044b \u0446\u0435\u043d\u0438\u043c \u043d\u0430\u0448\u0438\u0445 \u043a\u043b\u0438\u0435\u043d\u0442\u043e\u0432 \u0438 \u0441\u0442\u0440\u0435\u043c\u0438\u043c\u0441\u044f \u043e\u0431\u0435\u0441\u043f\u0435\u0447\u0438\u0442\u044c \u043a\u043e\u043c\u0444\u043e\u0440\u0442\u043d\u044b\u0435 \u0443\u0441\u043b\u043e\u0432\u0438\u044f \u0434\u043b\u044f \u043f\u043e\u043a\u0443\u043f\u043e\u043a. \u0415\u0441\u043b\u0438 \u043f\u043e \u043a\u0430\u043a\u043e\u0439-\u043b\u0438\u0431\u043e \u043f\u0440\u0438\u0447\u0438\u043d\u0435 \u0432\u044b \u0445\u043e\u0442\u0438\u0442\u0435 \u0432\u0435\u0440\u043d\u0443\u0442\u044c \u0438\u043b\u0438 \u043e\u0431\u043c\u0435\u043d\u044f\u0442\u044c \u0442\u043e\u0432\u0430\u0440, \u043c\u044b \u0441\u043b\u0435\u0434\u0443\u0435\u043c \u0441\u0442\u0430\u043d\u0434\u0430\u0440\u0442\u0430\u043c \u0438 \u043f\u0440\u0430\u043a\u0442\u0438\u043a\u0430\u043c, \u043f\u0440\u0438\u043c\u0435\u043d\u0438\u043c\u044b\u043c \u0432 \u0438\u043d\u0442\u0435\u0440\u043d\u0435\u0442-\u0442\u043e\u0440\u0433\u043e\u0432\u043b\u0435, \u0447\u0442\u043e\u0431\u044b \u0441\u0434\u0435\u043b\u0430\u0442\u044c \u044d\u0442\u043e\u0442 \u043f\u0440\u043e\u0446\u0435\u0441\u0441 \u043f\u0440\u043e\u0441\u0442\u044b\u043c \u0438 \u043f\u043e\u043d\u044f\u0442\u043d\u044b\u043c. \u041f\u0440\u0430\u0432\u043e \u043d\u0430 \u0432\u043e\u0437\u0432\u0440\u0430\u0442 \u0442\u043e\u0432\u0430\u0440\u0430 \u041f\u043e\u043a\u0443\u043f\u0430\u044f \u0442\u043e\u0432\u0430\u0440\u044b \u0432 [&hellip;]<\/p>\n","protected":false},"author":2,"featured_media":0,"parent":0,"menu_order":0,"comment_status":"closed","ping_status":"closed","template":"","meta":{"_coblocks_attr":"","_coblocks_dimensions":"","_coblocks_responsive_height":"","_coblocks_accordion_ie_support":"","_uag_custom_page_level_css":"","footnotes":""},"class_list":["post-3350","page","type-page","status-publish","hentry"],"uagb_featured_image_src":{"full":false,"thumbnail":false,"medium":false,"medium_large":false,"large":false,"1536x1536":false,"2048x2048":false,"trp-custom-language-flag":false,"shop-page-wp-product":false,"woocommerce_thumbnail":false,"woocommerce_single":false,"woocommerce_gallery_thumbnail":false},"uagb_author_info":{"display_name":"Sergei","author_link":"https:\/\/soosterfoundation.org\/et\/author\/sergei\/"},"uagb_comment_info":0,"uagb_excerpt":"\u041e\u0431\u043c\u0435\u043d \u0438 \u0432\u043e\u0437\u0432\u0440\u0430\u0442 \u0442\u043e\u0432\u0430\u0440\u0430 \u0432 \u0438\u043d\u0442\u0435\u0440\u043d\u0435\u0442-\u043c\u0430\u0433\u0430\u0437\u0438\u043d\u0435 Sooster Foundation \u0412 \u0438\u043d\u0442\u0435\u0440\u043d\u0435\u0442-\u043c\u0430\u0433\u0430\u0437\u0438\u043d\u0435 Sooster Foundation \u043c\u044b \u0446\u0435\u043d\u0438\u043c \u043d\u0430\u0448\u0438\u0445 \u043a\u043b\u0438\u0435\u043d\u0442\u043e\u0432 \u0438 \u0441\u0442\u0440\u0435\u043c\u0438\u043c\u0441\u044f \u043e\u0431\u0435\u0441\u043f\u0435\u0447\u0438\u0442\u044c \u043a\u043e\u043c\u0444\u043e\u0440\u0442\u043d\u044b\u0435 \u0443\u0441\u043b\u043e\u0432\u0438\u044f \u0434\u043b\u044f \u043f\u043e\u043a\u0443\u043f\u043e\u043a. \u0415\u0441\u043b\u0438 \u043f\u043e \u043a\u0430\u043a\u043e\u0439-\u043b\u0438\u0431\u043e \u043f\u0440\u0438\u0447\u0438\u043d\u0435 \u0432\u044b \u0445\u043e\u0442\u0438\u0442\u0435 \u0432\u0435\u0440\u043d\u0443\u0442\u044c \u0438\u043b\u0438 \u043e\u0431\u043c\u0435\u043d\u044f\u0442\u044c \u0442\u043e\u0432\u0430\u0440, \u043c\u044b \u0441\u043b\u0435\u0434\u0443\u0435\u043c \u0441\u0442\u0430\u043d\u0434\u0430\u0440\u0442\u0430\u043c \u0438 \u043f\u0440\u0430\u043a\u0442\u0438\u043a\u0430\u043c, \u043f\u0440\u0438\u043c\u0435\u043d\u0438\u043c\u044b\u043c \u0432 \u0438\u043d\u0442\u0435\u0440\u043d\u0435\u0442-\u0442\u043e\u0440\u0433\u043e\u0432\u043b\u0435, \u0447\u0442\u043e\u0431\u044b \u0441\u0434\u0435\u043b\u0430\u0442\u044c \u044d\u0442\u043e\u0442 \u043f\u0440\u043e\u0446\u0435\u0441\u0441 \u043f\u0440\u043e\u0441\u0442\u044b\u043c \u0438 \u043f\u043e\u043d\u044f\u0442\u043d\u044b\u043c. \u041f\u0440\u0430\u0432\u043e \u043d\u0430 \u0432\u043e\u0437\u0432\u0440\u0430\u0442 \u0442\u043e\u0432\u0430\u0440\u0430 \u041f\u043e\u043a\u0443\u043f\u0430\u044f \u0442\u043e\u0432\u0430\u0440\u044b \u0432&hellip;","_links":{"self":[{"href":"https:\/\/soosterfoundation.org\/et\/wp-json\/wp\/v2\/pages\/3350","targetHints":{"allow":["GET"]}}],"collection":[{"href":"https:\/\/soosterfoundation.org\/et\/wp-json\/wp\/v2\/pages"}],"about":[{"href":"https:\/\/soosterfoundation.org\/et\/wp-json\/wp\/v2\/types\/page"}],"author":[{"embeddable":true,"href":"https:\/\/soosterfoundation.org\/et\/wp-json\/wp\/v2\/users\/2"}],"replies":[{"embeddable":true,"href":"https:\/\/soosterfoundation.org\/et\/wp-json\/wp\/v2\/comments?post=3350"}],"version-history":[{"count":1,"href":"https:\/\/soosterfoundation.org\/et\/wp-json\/wp\/v2\/pages\/3350\/revisions"}],"predecessor-version":[{"id":3351,"href":"https:\/\/soosterfoundation.org\/et\/wp-json\/wp\/v2\/pages\/3350\/revisions\/3351"}],"wp:attachment":[{"href":"https:\/\/soosterfoundation.org\/et\/wp-json\/wp\/v2\/media?parent=3350"}],"curies":[{"name":"wp","href":"https:\/\/api.w.org\/{rel}","templated":true}]}}