{"id":3,"date":"2024-03-25T11:03:04","date_gmt":"2024-03-25T11:03:04","guid":{"rendered":"https:\/\/soosterfoundation.org\/?page_id=3"},"modified":"2024-10-15T04:33:33","modified_gmt":"2024-10-15T04:33:33","slug":"privacy-policy","status":"publish","type":"page","link":"https:\/\/soosterfoundation.org\/et\/privacy-policy\/","title":{"rendered":"Privaatsuspoliitika"},"content":{"rendered":"<h4 class=\"wp-block-heading\">SISSEJUHATUS <\/h4>\n\n\n\n<p>Meie eesm\u00e4rk on kaitsta ja s\u00e4ilitada teie isikuandmeid.\nSelle kohustuse raames oleme uuendanud oma privaatsuspoliitikat, et see vastaks k\u00f5rgetele standarditele vastavalt uuele Euroopa andmekaitseseadusele, tuntud kui Isikuandmete Kaitse \u00dcldm\u00e4\u00e4rus (GDPR). See on osa meie pidevast p\u00fchendumusest tagada l\u00e4bipaistvus selles, kuidas me kasutame teie andmeid ja tagame nende turvalisuse. <\/p>\n\n\n\n<p>Sellel lehel kirjeldatakse, kuidas me kasutame ja t\u00f6\u00f6tleme teie isikuandmeid, kuidas me kasutame k\u00fcpsiseid ning kuidas meiega \u00fchendust v\u00f5tta, kui teil on k\u00fcsimusi selle kohta, kuidas me teie andmeid kasutame. Kui te ei n\u00f5ustu meie privaatsuspoliitikaga, peaksite l\u00f5petama meie veebisaidi ja teenuste kasutamise. Meil on hea meel teid aidata k\u00f5igi k\u00fcsimustega \u2014 kirjutage aadressil info@soosterfoundation.org. <\/p>\n\n\n\n<p>Veebisaidid https:\/\/soosterfoundation.org, https:\/\/sooster.ee kuuluvad ja neid haldab Sooster Foundation SA (Harju maakond, Tallinn, P\u00f5hja-Tallinna linnaosa, Telliskivi tn 60a\/5, 10412). <\/p>\n\n\n\n<p>Aeg-ajalt v\u00f5ime teha muudatusi k\u00e4esolevasse privaatsuspoliitikasse ja k\u00fcpsiste kasutamise poliitikasse. K\u00f5ik muudatused teatatakse sellel lehel ja veebisaidil n\u00e4htavas kohas. <\/p>\n\n\n\n<h4 class=\"wp-block-heading\">TEAVE, MIDA ME KOGUME JA KUIDAS ME SEDA KASUTAME. IP-AADRESS <\/h4>\n\n\n\n<p>Meie veebisaiti k\u00fclastades v\u00f5ime koguda teatud tehnilist teavet, nagu teie IP-aadress (teie arvuti v\u00f5i seadme numbriline aadress internetis), teave teie operatsioonis\u00fcsteemi, kasutatava brauseri, k\u00fclastatud lehtede ja muu tehnilise teabe kohta teie seadme toimimise kohta. Me kogume neid anon\u00fc\u00fcmseid andmeid, et pakkuda oma klientidele parimat v\u00f5imalikku veebikogemust ja tagada veebisaidi korrektne toimimine k\u00f5igi kasutajate jaoks. <\/p>\n\n\n\n<h4 class=\"wp-block-heading\">KLIENDITEENINDUS <\/h4>\n\n\n\n<p>Kui helistate meile v\u00f5i saadate e-kirja, kogume teavet teie kohta, nagu teie e-posti aadress ja telefoninumber, et t\u00f6\u00f6delda teie p\u00e4ringut v\u00f5i k\u00fcsimust. <\/p>\n\n\n\n<h4 class=\"wp-block-heading\">TAGASISIDE <\/h4>\n\n\n\n<p>V\u00f5ime saata teile e-kirja, milles k\u00fcsime teie kogemuse kohta. See v\u00f5imaldab teistel klientidel n\u00e4ha ausaid arvustusi meie toodete ja teenuste kohta. Teil on v\u00f5imalus valida, kas teie nimi on arvustuses n\u00e4ha, kas kuvatakse ainult initsiaalid v\u00f5i j\u00e4\u00e4te anon\u00fc\u00fcmseks. <\/p>\n\n\n\n<h4 class=\"wp-block-heading\">TURUNDUS <\/h4>\n\n\n\n<p>Me s\u00e4ilitame teie teabe ka selleks, et saata teile turundusmaterjale, mis v\u00f5ivad teid huvitada, teie n\u00f5usolekul. V\u00f5ite igal ajal loobuda selliste turundusmaterjalide saamisest, kl\u00f5psates e-kirjas olevat loobumislinki v\u00f5i kasutades vastavat linki meie veebisaidil. <\/p>\n\n\n\n<h4 class=\"wp-block-heading\">K\u00dcSITLUSED <\/h4>\n\n\n\n<p>Kui olete n\u00f5ustunud meie turunduss\u00f5numite saamisega, v\u00f5ime aeg-ajalt saata teile e-kirju, kus palume teie arvamust meie veebisaidi ja broneerimisprotsessi kohta. See v\u00f5imaldab meil pidevalt t\u00e4iustada veebisaiti ja klienditeenindust. Loomulikult ei ole te kohustatud t\u00e4itma k\u00fcsitlusi, mida teile saadame. <\/p>\n\n\n\n<h4 class=\"wp-block-heading\">MUUD KINNITUSKIRJAD E-KIRJA, FAKSI V\u00d5I POSTI TEEL <\/h4>\n\n\n\n<p>V\u00f5ime saata teile tellimuse kinnitus e-kirja v\u00f5i tavapostiga, kui te seda taotlete. <\/p>\n\n\n\n<h4 class=\"wp-block-heading\">PETTUSE TUVASTAMINE JA ENNETAMINE <\/h4>\n\n\n\n<p>V\u00f5ime kasutada teie isikuandmeid pettuse ja muu ebaseadusliku v\u00f5i soovimatu tegevuse tuvastamiseks ja ennetamiseks. <\/p>\n\n\n\n<h4 class=\"wp-block-heading\">MEIE TEENUSTE PARANDAMINE <\/h4>\n\n\n\n<p>V\u00f5ime kasutada teie isiklikku teavet j\u00e4rgmistel eesm\u00e4rkidel:\nmeie veebisaidi ja ettev\u00f5tte haldamine;\nmeie veebisaidi isikup\u00e4rastamine teie jaoks;\nv\u00f5imaldamine teil kasutada meie veebisaidil pakutavaid teenuseid;\nteie tellitud kaupade saatmine meie veebisaidi kaudu;\nteenuste pakkumine, mida olete meie veebisaidi kaudu ostnud;\nteile v\u00e4ljav\u00f5tete, arvete ja maksemeeldetuletuste saatmine ning maksete kogumine teilt.\nV\u00f5ime kasutada ka anon\u00fc\u00fcmseid andmeid anal\u00fc\u00fcsiks, et m\u00f5ista, kuidas meie kliendid meie veebisaiti kasutavad, ja t\u00e4iustada oma teenuseid. <\/p>\n\n\n\n<h4 class=\"wp-block-heading\">SOTSIAALMEEDIA POLIITIKA <\/h4>\n\n\n\n<p>Kasutame sotsiaalmeediat (nt Facebook, Instagram ja muud veebisaidid), et reklaamida oma teenuseid ja tooteid, mis on esitatud meie veebisaitidel. <\/p>\n\n\n\n<h4 class=\"wp-block-heading\">P\u00c4DEVAD ASUTUSED <\/h4>\n\n\n\n<p>Avaldame isikuandmeid politseile v\u00f5i teistele riigiasutustele vastavalt seadusele v\u00f5i kui see on vajalik kuritegevuse v\u00f5i pettuse ennetamiseks, avastamiseks v\u00f5i s\u00fc\u00fcdistuse esitamiseks. <\/p>\n\n\n\n<h4 class=\"wp-block-heading\">KUIDAS TE SAATE LIGIP\u00c4\u00c4SU OMA INFOKS <\/h4>\n\n\n\n<p>Teil on \u00f5igus vaadata mis tahes teavet, mida me teie kohta hoiame. Kui soovite seda teha v\u00f5i soovite, et me kustutaksime k\u00f5ik teie kohta hoitavad andmed, saatke palun e-kiri aadressile info@soosterfoundation.org. <\/p>\n\n\n\n<h4 class=\"wp-block-heading\">KUIDAS ME TEIE ANDMEID KAITSEME <\/h4>\n\n\n\n<p>Vastavalt GDPR-ile v\u00f5tame m\u00f5istlikke meetmeid, et v\u00e4ltida teie isikuandmete volitamata kasutamist ja neile juurdep\u00e4\u00e4su.\nK\u00f5ik krediitkaardi andmed, mille te edastate meie maksepartnerile, on kaitstud standardsete kr\u00fcpteerimistehnoloogiatega ning meie serveritele volitamata juurdep\u00e4\u00e4su v\u00e4ltimiseks on paigaldatud f\u00fc\u00fcsilised ja tehnilised piirangud. <\/p>\n\n\n\n<h4 class=\"wp-block-heading\">LAPSED <\/h4>\n\n\n\n<p>Meie teenused ei ole m\u00f5eldud alla 18-aastastele lastele. Meie teenuste kasutamine lastel on lubatud ainult vanemate v\u00f5i hooldajate n\u00f5usolekul. Kui saame teada, et oleme teadlikult saanud teavet alla 18-aastaselt lapselt, j\u00e4tame endale \u00f5iguse see oma s\u00fcsteemidest kustutada. <\/p>\n\n\n\n<h4 class=\"wp-block-heading\">PRIVAATSUSPOLIITIKA MUUDATUSED <\/h4>\n\n\n\n<p>V\u00f5ime aeg-ajalt oma privaatsuspoliitikat muuta. Kui teeme seda, teavitame sellest selgelt veebisaidil. <\/p>\n\n\n\n<h4 class=\"wp-block-heading\">K\u00dcPSISTE POLIITIKA. MIS ON K\u00dcPSISED? <\/h4>\n\n\n\n<p>K\u00fcpsised on v\u00e4ikesed teabefragmendid, mis salvestatakse teie arvutisse v\u00f5i seadmesse, kui k\u00fclastate peaaegu iga kaasaegset veebisaiti. Tegelikult ei t\u00f6\u00f6ta enamik veebisaite, eriti need, kus tehakse tehinguid v\u00f5i kus teave salvestatakse lehek\u00fclgede vahel, ilma k\u00fcpsisteta. K\u00fcpsised on tekstifailid, mitte arvutiprogrammid, ja need ei kahjusta teie arvutit ega mobiilseadet. Me kasutame neid, et parandada teie kasutajakogemust meie veebisaidil.\nKasutame k\u00fcpsiseid n\u00e4iteks selleks, et meelde j\u00e4tta, et olete meie veebisaidile sisse loginud, ja aidata meil m\u00f5ista teie huve, et saaksime kohandada teie tulevasi k\u00fclastusi. Kasutame k\u00fcpsiseid ka selleks, et m\u00f5\u00f5ta, kui t\u00f5hus on meie reklaam, ja m\u00f5ista, kuidas k\u00fclastajad meie veebisaiti kasutavad.\nSamuti kasutame oma turundus- ja reklaamipartnerite kaudu kolmanda osapoole k\u00fcpsiseid. Need \u201ekolmanda osapoole k\u00fcpsised\u201c v\u00f5imaldavad teile kuvada asjakohaseid reklaame meie veebisaidil v\u00f5i muudel saitidel, nagu Google. Google'i privaatsuspoliitika ja kasutustingimustega saate tutvuda siin: https:\/\/policies.google.com\/technologies\/partner-sites. <\/p>\n\n\n\n<h4 class=\"wp-block-heading\">K\u00dcPSISTE T\u00dc\u00dcBID, MIDA ME KASUTAME <\/h4>\n\n\n\n<p>Kasutame oma veebisaidil mitut t\u00fc\u00fcpi k\u00fcpsiseid. M\u00f5ned k\u00fcpsised (nimetatakse \u201eseansik\u00fcpsisteks\u201c) kustutatakse kohe p\u00e4rast lahkumist. M\u00f5ned k\u00fcpsised (nimetatakse \u201ep\u00fcsik\u00fcpsisteks\u201c) j\u00e4\u00e4vad teie arvutisse v\u00f5i seadmesse teatud ajaks isegi p\u00e4rast veebisaidilt lahkumist. Need v\u00f5imaldavad meil teie arvutit v\u00f5i seadet korduvate k\u00fclastuste ajal \u00e4ra tunda. <\/p>\n\n\n\n<h4 class=\"wp-block-heading\">P\u00d5HIK\u00dcPSISED <\/h4>\n\n\n\n<p>Need k\u00fcpsised, mis n\u00e4iteks j\u00e4tavad teie seadme meelde veebilehtede sirvimise ajal, on vajalikud, kuna ilma nendeta meie veebisait ei t\u00f6\u00f6ta. <\/p>\n\n\n\n<h4 class=\"wp-block-heading\">FUNKTSIONAALSED K\u00dcPSISED <\/h4>\n\n\n\n<p>Lisaks olulistele k\u00fcpsistele kasutame k\u00fcpsiseid ka oma veebisaitide funktsionaalsuse t\u00e4iustamiseks, teie eelistuste meeldej\u00e4tmiseks ja veebisaidi teie jaoks kohandamiseks. <\/p>\n\n\n\n<h4 class=\"wp-block-heading\">TOIMIVUS- JA ANAL\u00dc\u00dcTILISED K\u00dcPSISED <\/h4>\n\n\n\n<p>Et aidata meil m\u00f5ista, kuidas te meie veebisaiti kasutate.<\/p>","protected":false},"excerpt":{"rendered":"<p>\u0412\u0412\u0415\u0414\u0415\u041d\u0418\u0415 \u041d\u0430\u0448\u0430 \u0446\u0435\u043b\u044c \u2014 \u0437\u0430\u0449\u0438\u0449\u0430\u0442\u044c \u0438 \u0441\u043e\u0445\u0440\u0430\u043d\u044f\u0442\u044c \u0432\u0430\u0448\u0438 \u043f\u0435\u0440\u0441\u043e\u043d\u0430\u043b\u044c\u043d\u044b\u0435 \u0434\u0430\u043d\u043d\u044b\u0435. \u0412 \u0440\u0430\u043c\u043a\u0430\u0445 \u044d\u0442\u043e\u0433\u043e \u043e\u0431\u044f\u0437\u0430\u0442\u0435\u043b\u044c\u0441\u0442\u0432\u0430 \u043c\u044b \u043e\u0431\u043d\u043e\u0432\u0438\u043b\u0438 \u043d\u0430\u0448\u0443 \u043f\u043e\u043b\u0438\u0442\u0438\u043a\u0443 \u043a\u043e\u043d\u0444\u0438\u0434\u0435\u043d\u0446\u0438\u0430\u043b\u044c\u043d\u043e\u0441\u0442\u0438, \u0447\u0442\u043e\u0431\u044b \u043e\u043d\u0430 \u0441\u043e\u043e\u0442\u0432\u0435\u0442\u0441\u0442\u0432\u043e\u0432\u0430\u043b\u0430 \u0432\u044b\u0441\u043e\u043a\u0438\u043c \u0441\u0442\u0430\u043d\u0434\u0430\u0440\u0442\u0430\u043c \u0432 \u0441\u043e\u043e\u0442\u0432\u0435\u0442\u0441\u0442\u0432\u0438\u0438 \u0441 \u043d\u043e\u0432\u044b\u043c \u0435\u0432\u0440\u043e\u043f\u0435\u0439\u0441\u043a\u0438\u043c \u0437\u0430\u043a\u043e\u043d\u043e\u0434\u0430\u0442\u0435\u043b\u044c\u0441\u0442\u0432\u043e\u043c \u043e \u0437\u0430\u0449\u0438\u0442\u0435 \u0434\u0430\u043d\u043d\u044b\u0445, \u0438\u0437\u0432\u0435\u0441\u0442\u043d\u044b\u043c \u043a\u0430\u043a \u041e\u0431\u0449\u0438\u0439 \u0440\u0435\u0433\u043b\u0430\u043c\u0435\u043d\u0442 \u043f\u043e \u0437\u0430\u0449\u0438\u0442\u0435 \u0434\u0430\u043d\u043d\u044b\u0445 (GDPR). \u042d\u0442\u043e \u0447\u0430\u0441\u0442\u044c \u043d\u0430\u0448\u0435\u0433\u043e \u043f\u043e\u0441\u0442\u043e\u044f\u043d\u043d\u043e\u0433\u043e \u043e\u0431\u044f\u0437\u0430\u0442\u0435\u043b\u044c\u0441\u0442\u0432\u0430 \u043e\u0431\u0435\u0441\u043f\u0435\u0447\u0438\u0442\u044c \u043f\u0440\u043e\u0437\u0440\u0430\u0447\u043d\u043e\u0441\u0442\u044c \u0432 \u0442\u043e\u043c, \u043a\u0430\u043a \u043c\u044b \u0438\u0441\u043f\u043e\u043b\u044c\u0437\u0443\u0435\u043c \u0432\u0430\u0448\u0438 \u0434\u0430\u043d\u043d\u044b\u0435 [&hellip;]<\/p>\n","protected":false},"author":1,"featured_media":0,"parent":0,"menu_order":0,"comment_status":"closed","ping_status":"open","template":"","meta":{"_coblocks_attr":"","_coblocks_dimensions":"","_coblocks_responsive_height":"","_coblocks_accordion_ie_support":"","_uag_custom_page_level_css":"","footnotes":""},"class_list":["post-3","page","type-page","status-publish","hentry"],"uagb_featured_image_src":{"full":false,"thumbnail":false,"medium":false,"medium_large":false,"large":false,"1536x1536":false,"2048x2048":false,"trp-custom-language-flag":false,"shop-page-wp-product":false,"woocommerce_thumbnail":false,"woocommerce_single":false,"woocommerce_gallery_thumbnail":false},"uagb_author_info":{"display_name":"admin","author_link":"https:\/\/soosterfoundation.org\/et\/author\/admin\/"},"uagb_comment_info":0,"uagb_excerpt":"\u0412\u0412\u0415\u0414\u0415\u041d\u0418\u0415 \u041d\u0430\u0448\u0430 \u0446\u0435\u043b\u044c \u2014 \u0437\u0430\u0449\u0438\u0449\u0430\u0442\u044c \u0438 \u0441\u043e\u0445\u0440\u0430\u043d\u044f\u0442\u044c \u0432\u0430\u0448\u0438 \u043f\u0435\u0440\u0441\u043e\u043d\u0430\u043b\u044c\u043d\u044b\u0435 \u0434\u0430\u043d\u043d\u044b\u0435. \u0412 \u0440\u0430\u043c\u043a\u0430\u0445 \u044d\u0442\u043e\u0433\u043e \u043e\u0431\u044f\u0437\u0430\u0442\u0435\u043b\u044c\u0441\u0442\u0432\u0430 \u043c\u044b \u043e\u0431\u043d\u043e\u0432\u0438\u043b\u0438 \u043d\u0430\u0448\u0443 \u043f\u043e\u043b\u0438\u0442\u0438\u043a\u0443 \u043a\u043e\u043d\u0444\u0438\u0434\u0435\u043d\u0446\u0438\u0430\u043b\u044c\u043d\u043e\u0441\u0442\u0438, \u0447\u0442\u043e\u0431\u044b \u043e\u043d\u0430 \u0441\u043e\u043e\u0442\u0432\u0435\u0442\u0441\u0442\u0432\u043e\u0432\u0430\u043b\u0430 \u0432\u044b\u0441\u043e\u043a\u0438\u043c \u0441\u0442\u0430\u043d\u0434\u0430\u0440\u0442\u0430\u043c \u0432 \u0441\u043e\u043e\u0442\u0432\u0435\u0442\u0441\u0442\u0432\u0438\u0438 \u0441 \u043d\u043e\u0432\u044b\u043c \u0435\u0432\u0440\u043e\u043f\u0435\u0439\u0441\u043a\u0438\u043c \u0437\u0430\u043a\u043e\u043d\u043e\u0434\u0430\u0442\u0435\u043b\u044c\u0441\u0442\u0432\u043e\u043c \u043e \u0437\u0430\u0449\u0438\u0442\u0435 \u0434\u0430\u043d\u043d\u044b\u0445, \u0438\u0437\u0432\u0435\u0441\u0442\u043d\u044b\u043c \u043a\u0430\u043a \u041e\u0431\u0449\u0438\u0439 \u0440\u0435\u0433\u043b\u0430\u043c\u0435\u043d\u0442 \u043f\u043e \u0437\u0430\u0449\u0438\u0442\u0435 \u0434\u0430\u043d\u043d\u044b\u0445 (GDPR). \u042d\u0442\u043e \u0447\u0430\u0441\u0442\u044c \u043d\u0430\u0448\u0435\u0433\u043e \u043f\u043e\u0441\u0442\u043e\u044f\u043d\u043d\u043e\u0433\u043e \u043e\u0431\u044f\u0437\u0430\u0442\u0435\u043b\u044c\u0441\u0442\u0432\u0430 \u043e\u0431\u0435\u0441\u043f\u0435\u0447\u0438\u0442\u044c \u043f\u0440\u043e\u0437\u0440\u0430\u0447\u043d\u043e\u0441\u0442\u044c \u0432 \u0442\u043e\u043c, \u043a\u0430\u043a \u043c\u044b \u0438\u0441\u043f\u043e\u043b\u044c\u0437\u0443\u0435\u043c \u0432\u0430\u0448\u0438 \u0434\u0430\u043d\u043d\u044b\u0435&hellip;","_links":{"self":[{"href":"https:\/\/soosterfoundation.org\/et\/wp-json\/wp\/v2\/pages\/3","targetHints":{"allow":["GET"]}}],"collection":[{"href":"https:\/\/soosterfoundation.org\/et\/wp-json\/wp\/v2\/pages"}],"about":[{"href":"https:\/\/soosterfoundation.org\/et\/wp-json\/wp\/v2\/types\/page"}],"author":[{"embeddable":true,"href":"https:\/\/soosterfoundation.org\/et\/wp-json\/wp\/v2\/users\/1"}],"replies":[{"embeddable":true,"href":"https:\/\/soosterfoundation.org\/et\/wp-json\/wp\/v2\/comments?post=3"}],"version-history":[{"count":6,"href":"https:\/\/soosterfoundation.org\/et\/wp-json\/wp\/v2\/pages\/3\/revisions"}],"predecessor-version":[{"id":2837,"href":"https:\/\/soosterfoundation.org\/et\/wp-json\/wp\/v2\/pages\/3\/revisions\/2837"}],"wp:attachment":[{"href":"https:\/\/soosterfoundation.org\/et\/wp-json\/wp\/v2\/media?parent=3"}],"curies":[{"name":"wp","href":"https:\/\/api.w.org\/{rel}","templated":true}]}}