{"id":1521,"date":"2024-09-06T08:15:51","date_gmt":"2024-09-06T08:15:51","guid":{"rendered":"https:\/\/soosterfoundation.org\/?page_id=1521"},"modified":"2024-10-15T09:15:56","modified_gmt":"2024-10-15T09:15:56","slug":"lahtiutlemine","status":"publish","type":"page","link":"https:\/\/soosterfoundation.org\/et\/lahtiutlemine\/","title":{"rendered":"Lahti\u00fctlemine"},"content":{"rendered":"<h4 class=\"wp-block-heading\">Lahti\u00fctlemine:<\/h4>\n\n\n\n<p class=\" translation-block\">K\u00f5ik teosed, mis on k\u00e4ttesaadavad veebisaitidel https:\/\/soosterfoundation.org\/, https:\/\/sooster.ee on kaitstud autori\u00f5igusega ning nende kasutamine on lubatud ainult \u00f5iguste omaja eelneva kirjaliku n\u00f5usoleku alusel v\u00f5i koosk\u00f5las kohaldatava seadusega. Igasugune volitamata kasutamine v\u00f5ib kaasa tuua \u00f5iguslikke meetmeid.<\/p>","protected":false},"excerpt":{"rendered":"<p>\u0417\u0430\u044f\u0432\u043b\u0435\u043d\u0438\u0435 \u043e\u0431 \u043e\u0442\u043a\u0430\u0437\u0435 \u043e\u0442 \u043e\u0442\u0432\u0435\u0442\u0441\u0442\u0432\u0435\u043d\u043d\u043e\u0441\u0442\u0438: \u0412\u0441\u0435 \u043f\u0440\u043e\u0438\u0437\u0432\u0435\u0434\u0435\u043d\u0438\u044f, \u0434\u043e\u0441\u0442\u0443\u043f\u043d\u044b\u0435 \u043d\u0430 \u044d\u0442\u043e\u043c \u0432\u0435\u0431-\u0441\u0430\u0439\u0442\u0435\u00a0https:\/\/soosterfoundation.org\/\u00a0\u0438\u00a0https:\/\/sooster.ee, \u0437\u0430\u0449\u0438\u0449\u0435\u043d\u044b \u0430\u0432\u0442\u043e\u0440\u0441\u043a\u0438\u043c \u043f\u0440\u0430\u0432\u043e\u043c, \u0438 \u0438\u0445 \u0438\u0441\u043f\u043e\u043b\u044c\u0437\u043e\u0432\u0430\u043d\u0438\u0435 \u0440\u0430\u0437\u0440\u0435\u0448\u0435\u043d\u043e \u0442\u043e\u043b\u044c\u043a\u043e \u0441 \u043f\u0440\u0435\u0434\u0432\u0430\u0440\u0438\u0442\u0435\u043b\u044c\u043d\u043e\u0433\u043e \u043f\u0438\u0441\u044c\u043c\u0435\u043d\u043d\u043e\u0433\u043e \u0441\u043e\u0433\u043b\u0430\u0441\u0438\u044f \u043f\u0440\u0430\u0432\u043e\u043e\u0431\u043b\u0430\u0434\u0430\u0442\u0435\u043b\u044f \u0438\u043b\u0438 \u0432 \u0441\u043e\u043e\u0442\u0432\u0435\u0442\u0441\u0442\u0432\u0438\u0438 \u0441 \u043f\u043e\u043b\u043e\u0436\u0435\u043d\u0438\u044f\u043c\u0438 \u043f\u0440\u0438\u043c\u0435\u043d\u0438\u043c\u043e\u0433\u043e \u0437\u0430\u043a\u043e\u043d\u043e\u0434\u0430\u0442\u0435\u043b\u044c\u0441\u0442\u0432\u0430. \u041b\u044e\u0431\u043e\u0435 \u043d\u0435\u0441\u0430\u043d\u043a\u0446\u0438\u043e\u043d\u0438\u0440\u043e\u0432\u0430\u043d\u043d\u043e\u0435 \u0438\u0441\u043f\u043e\u043b\u044c\u0437\u043e\u0432\u0430\u043d\u0438\u0435 \u0442\u0430\u043a\u0438\u0445 \u043f\u0440\u043e\u0438\u0437\u0432\u0435\u0434\u0435\u043d\u0438\u0439 \u043c\u043e\u0436\u0435\u0442 \u043f\u043e\u0432\u043b\u0435\u0447\u044c \u0437\u0430 \u0441\u043e\u0431\u043e\u0439 \u044e\u0440\u0438\u0434\u0438\u0447\u0435\u0441\u043a\u0438\u0435 \u043f\u043e\u0441\u043b\u0435\u0434\u0441\u0442\u0432\u0438\u044f.<\/p>","protected":false},"author":2,"featured_media":0,"parent":0,"menu_order":0,"comment_status":"closed","ping_status":"closed","template":"","meta":{"_coblocks_attr":"","_coblocks_dimensions":"","_coblocks_responsive_height":"","_coblocks_accordion_ie_support":"","_uag_custom_page_level_css":"","footnotes":""},"class_list":["post-1521","page","type-page","status-publish","hentry"],"uagb_featured_image_src":{"full":false,"thumbnail":false,"medium":false,"medium_large":false,"large":false,"1536x1536":false,"2048x2048":false,"trp-custom-language-flag":false,"shop-page-wp-product":false,"woocommerce_thumbnail":false,"woocommerce_single":false,"woocommerce_gallery_thumbnail":false},"uagb_author_info":{"display_name":"Sergei","author_link":"https:\/\/soosterfoundation.org\/et\/author\/sergei\/"},"uagb_comment_info":0,"uagb_excerpt":"\u0417\u0430\u044f\u0432\u043b\u0435\u043d\u0438\u0435 \u043e\u0431 \u043e\u0442\u043a\u0430\u0437\u0435 \u043e\u0442 \u043e\u0442\u0432\u0435\u0442\u0441\u0442\u0432\u0435\u043d\u043d\u043e\u0441\u0442\u0438: \u0412\u0441\u0435 \u043f\u0440\u043e\u0438\u0437\u0432\u0435\u0434\u0435\u043d\u0438\u044f, \u0434\u043e\u0441\u0442\u0443\u043f\u043d\u044b\u0435 \u043d\u0430 \u044d\u0442\u043e\u043c \u0432\u0435\u0431-\u0441\u0430\u0439\u0442\u0435\u00a0https:\/\/soosterfoundation.org\/\u00a0\u0438\u00a0https:\/\/sooster.ee, \u0437\u0430\u0449\u0438\u0449\u0435\u043d\u044b \u0430\u0432\u0442\u043e\u0440\u0441\u043a\u0438\u043c \u043f\u0440\u0430\u0432\u043e\u043c, \u0438 \u0438\u0445 \u0438\u0441\u043f\u043e\u043b\u044c\u0437\u043e\u0432\u0430\u043d\u0438\u0435 \u0440\u0430\u0437\u0440\u0435\u0448\u0435\u043d\u043e \u0442\u043e\u043b\u044c\u043a\u043e \u0441 \u043f\u0440\u0435\u0434\u0432\u0430\u0440\u0438\u0442\u0435\u043b\u044c\u043d\u043e\u0433\u043e \u043f\u0438\u0441\u044c\u043c\u0435\u043d\u043d\u043e\u0433\u043e \u0441\u043e\u0433\u043b\u0430\u0441\u0438\u044f \u043f\u0440\u0430\u0432\u043e\u043e\u0431\u043b\u0430\u0434\u0430\u0442\u0435\u043b\u044f \u0438\u043b\u0438 \u0432 \u0441\u043e\u043e\u0442\u0432\u0435\u0442\u0441\u0442\u0432\u0438\u0438 \u0441 \u043f\u043e\u043b\u043e\u0436\u0435\u043d\u0438\u044f\u043c\u0438 \u043f\u0440\u0438\u043c\u0435\u043d\u0438\u043c\u043e\u0433\u043e \u0437\u0430\u043a\u043e\u043d\u043e\u0434\u0430\u0442\u0435\u043b\u044c\u0441\u0442\u0432\u0430. \u041b\u044e\u0431\u043e\u0435 \u043d\u0435\u0441\u0430\u043d\u043a\u0446\u0438\u043e\u043d\u0438\u0440\u043e\u0432\u0430\u043d\u043d\u043e\u0435 \u0438\u0441\u043f\u043e\u043b\u044c\u0437\u043e\u0432\u0430\u043d\u0438\u0435 \u0442\u0430\u043a\u0438\u0445 \u043f\u0440\u043e\u0438\u0437\u0432\u0435\u0434\u0435\u043d\u0438\u0439 \u043c\u043e\u0436\u0435\u0442 \u043f\u043e\u0432\u043b\u0435\u0447\u044c \u0437\u0430 \u0441\u043e\u0431\u043e\u0439 \u044e\u0440\u0438\u0434\u0438\u0447\u0435\u0441\u043a\u0438\u0435 \u043f\u043e\u0441\u043b\u0435\u0434\u0441\u0442\u0432\u0438\u044f.","_links":{"self":[{"href":"https:\/\/soosterfoundation.org\/et\/wp-json\/wp\/v2\/pages\/1521","targetHints":{"allow":["GET"]}}],"collection":[{"href":"https:\/\/soosterfoundation.org\/et\/wp-json\/wp\/v2\/pages"}],"about":[{"href":"https:\/\/soosterfoundation.org\/et\/wp-json\/wp\/v2\/types\/page"}],"author":[{"embeddable":true,"href":"https:\/\/soosterfoundation.org\/et\/wp-json\/wp\/v2\/users\/2"}],"replies":[{"embeddable":true,"href":"https:\/\/soosterfoundation.org\/et\/wp-json\/wp\/v2\/comments?post=1521"}],"version-history":[{"count":4,"href":"https:\/\/soosterfoundation.org\/et\/wp-json\/wp\/v2\/pages\/1521\/revisions"}],"predecessor-version":[{"id":2842,"href":"https:\/\/soosterfoundation.org\/et\/wp-json\/wp\/v2\/pages\/1521\/revisions\/2842"}],"wp:attachment":[{"href":"https:\/\/soosterfoundation.org\/et\/wp-json\/wp\/v2\/media?parent=1521"}],"curies":[{"name":"wp","href":"https:\/\/api.w.org\/{rel}","templated":true}]}}